{"id":1103,"date":"2023-11-02T17:59:14","date_gmt":"2023-11-02T17:59:14","guid":{"rendered":"https:\/\/areisefilho.pt\/?page_id=1103"},"modified":"2024-04-17T13:35:56","modified_gmt":"2024-04-17T13:35:56","slug":"diversos","status":"publish","type":"page","link":"https:\/\/areisefilho.pt\/en\/diversos\/","title":{"rendered":"Various"},"content":{"rendered":"<div data-elementor-type=\"wp-page\" data-elementor-id=\"1103\" class=\"elementor elementor-1103\" data-elementor-post-type=\"page\">\n\t\t\t\t\t\t<section class=\"elementor-section elementor-top-section elementor-element elementor-element-v88ehku elementor-section-content-middle elementor-section-height-min-height elementor-section-boxed elementor-section-height-default elementor-section-items-middle\" data-id=\"v88ehku\" data-element_type=\"section\" data-settings=\"{&quot;background_background&quot;:&quot;classic&quot;}\">\n\t\t\t\t\t\t\t<div class=\"elementor-background-overlay\"><\/div>\n\t\t\t\t\t\t\t<div class=\"elementor-container elementor-column-gap-no\">\n\t\t\t\t\t<div class=\"elementor-column elementor-col-100 elementor-top-column elementor-element elementor-element-70d67633\" data-id=\"70d67633\" data-element_type=\"column\">\n\t\t\t<div class=\"elementor-widget-wrap elementor-element-populated\">\n\t\t\t\t\t\t<div class=\"elementor-element elementor-element-49dbff3a elementor-widget elementor-widget-heading\" data-id=\"49dbff3a\" data-element_type=\"widget\" data-widget_type=\"heading.default\">\n\t\t\t\t<div class=\"elementor-widget-container\">\n\t\t\t\t\t<h1 class=\"elementor-heading-title elementor-size-default\">Various<\/h1>\t\t\t\t<\/div>\n\t\t\t\t<\/div>\n\t\t\t\t<div class=\"elementor-element elementor-element-5364d60c elementor-widget elementor-widget-text-editor\" data-id=\"5364d60c\" data-element_type=\"widget\" data-widget_type=\"text-editor.default\">\n\t\t\t\t<div class=\"elementor-widget-container\">\n\t\t\t\t\t\t\t\t\t<p>Various Equipment for Industry<\/p>\t\t\t\t\t\t\t\t<\/div>\n\t\t\t\t<\/div>\n\t\t\t\t\t<\/div>\n\t\t<\/div>\n\t\t\t\t\t<\/div>\n\t\t<\/section>\n\t\t\t\t<section class=\"elementor-section elementor-top-section elementor-element elementor-element-17586f45 elementor-section-content-middle elementor-section-full_width elementor-reverse-mobile elementor-reverse-tablet elementor-section-height-default elementor-section-height-default\" data-id=\"17586f45\" data-element_type=\"section\">\n\t\t\t\t\t\t<div class=\"elementor-container elementor-column-gap-no\">\n\t\t\t\t\t<div class=\"elementor-column elementor-col-50 elementor-top-column elementor-element elementor-element-3a2c748a\" data-id=\"3a2c748a\" data-element_type=\"column\" data-settings=\"{&quot;background_background&quot;:&quot;classic&quot;}\">\n\t\t\t<div class=\"elementor-widget-wrap elementor-element-populated\">\n\t\t\t\t\t\t<div class=\"elementor-element elementor-element-c0fbe2f elementor-widget elementor-widget-heading\" data-id=\"c0fbe2f\" data-element_type=\"widget\" data-widget_type=\"heading.default\">\n\t\t\t\t<div class=\"elementor-widget-container\">\n\t\t\t\t\t<h2 class=\"elementor-heading-title elementor-size-default\">Various<\/h2>\t\t\t\t<\/div>\n\t\t\t\t<\/div>\n\t\t\t\t<div class=\"elementor-element elementor-element-7b9cd5c1 elementor-widget elementor-widget-text-editor\" data-id=\"7b9cd5c1\" data-element_type=\"widget\" data-widget_type=\"text-editor.default\">\n\t\t\t\t<div class=\"elementor-widget-container\">\n\t\t\t\t\t\t\t\t\t<p><strong>We have various Parts and Components available for our equipment.<\/strong><\/p><p><span style=\"font-style: inherit; font-weight: inherit; background-color: var( --e-global-color-astglobalcolor0 );\">From sturdy gears to advanced electronic circuits, each component plays a vital role in the efficiency and continuous operation of industrial processes.<\/span><\/p><p>The constant innovation in the design and manufacture of these parts and components is reflected in the pursuit of durability, optimized performance, and compliance with the highest quality standards.<\/p><p>These elements are the backbone of industrial processes, ensuring not only functionality but also driving evolution and progress across various sectors of production.<\/p>\t\t\t\t\t\t\t\t<\/div>\n\t\t\t\t<\/div>\n\t\t\t\t\t<\/div>\n\t\t<\/div>\n\t\t\t\t<div class=\"elementor-column elementor-col-50 elementor-top-column elementor-element elementor-element-7ad91e9f\" data-id=\"7ad91e9f\" data-element_type=\"column\" data-settings=\"{&quot;background_background&quot;:&quot;classic&quot;}\">\n\t\t\t<div class=\"elementor-widget-wrap elementor-element-populated\">\n\t\t\t\t\t<div class=\"elementor-background-overlay\"><\/div>\n\t\t\t\t\t\t\t<\/div>\n\t\t<\/div>\n\t\t\t\t\t<\/div>\n\t\t<\/section>\n\t\t<div class=\"elementor-element elementor-element-ad1dd08 e-flex e-con-boxed e-con e-parent\" data-id=\"ad1dd08\" data-element_type=\"container\">\n\t\t\t\t\t<div class=\"e-con-inner\">\n\t\t\t\t<div class=\"elementor-element elementor-element-c5d10b1 elementor-widget elementor-widget-spacer\" data-id=\"c5d10b1\" data-element_type=\"widget\" data-widget_type=\"spacer.default\">\n\t\t\t\t<div class=\"elementor-widget-container\">\n\t\t\t\t\t\t\t<div class=\"elementor-spacer\">\n\t\t\t<div class=\"elementor-spacer-inner\"><\/div>\n\t\t<\/div>\n\t\t\t\t\t\t<\/div>\n\t\t\t\t<\/div>\n\t\t\t\t\t<\/div>\n\t\t\t\t<\/div>\n\t\t<div class=\"elementor-element elementor-element-880c0a1 e-flex e-con-boxed e-con e-parent\" data-id=\"880c0a1\" data-element_type=\"container\">\n\t\t\t\t\t<div class=\"e-con-inner\">\n\t\t\t\t<div class=\"elementor-element elementor-element-d6898d4 elementor-widget elementor-widget-heading\" data-id=\"d6898d4\" data-element_type=\"widget\" data-widget_type=\"heading.default\">\n\t\t\t\t<div class=\"elementor-widget-container\">\n\t\t\t\t\t<h3 class=\"elementor-heading-title elementor-size-default\">We offer our customers all kinds of parts and components that make up our equipment:<\/h3>\t\t\t\t<\/div>\n\t\t\t\t<\/div>\n\t\t\t\t<div class=\"elementor-element elementor-element-3a2c847 elementor-widget elementor-widget-spacer\" data-id=\"3a2c847\" data-element_type=\"widget\" data-widget_type=\"spacer.default\">\n\t\t\t\t<div class=\"elementor-widget-container\">\n\t\t\t\t\t\t\t<div class=\"elementor-spacer\">\n\t\t\t<div class=\"elementor-spacer-inner\"><\/div>\n\t\t<\/div>\n\t\t\t\t\t\t<\/div>\n\t\t\t\t<\/div>\n\t\t\t\t\t<\/div>\n\t\t\t\t<\/div>\n\t\t<div class=\"elementor-element elementor-element-aa12c9b e-flex e-con-boxed e-con e-parent\" data-id=\"aa12c9b\" data-element_type=\"container\">\n\t\t\t\t\t<div class=\"e-con-inner\">\n\t\t<div class=\"elementor-element elementor-element-6f04aa5 e-con-full e-flex e-con e-child\" data-id=\"6f04aa5\" data-element_type=\"container\">\n\t\t\t\t<div class=\"elementor-element elementor-element-d735ef0 elementor-position-top elementor-widget elementor-widget-image-box\" data-id=\"d735ef0\" data-element_type=\"widget\" data-widget_type=\"image-box.default\">\n\t\t\t\t<div class=\"elementor-widget-container\">\n\t\t\t\t\t<div class=\"elementor-image-box-wrapper\"><figure class=\"elementor-image-box-img\"><img fetchpriority=\"high\" decoding=\"async\" width=\"2560\" height=\"1920\" src=\"https:\/\/areisefilho.pt\/wp-content\/uploads\/2024\/02\/IMG_20240207_152233-scaled.jpg\" class=\"elementor-animation-shrink attachment-full size-full wp-image-2558\" alt=\"\" srcset=\"https:\/\/areisefilho.pt\/wp-content\/uploads\/2024\/02\/IMG_20240207_152233-scaled.jpg 2560w, https:\/\/areisefilho.pt\/wp-content\/uploads\/2024\/02\/IMG_20240207_152233-300x225.jpg 300w, https:\/\/areisefilho.pt\/wp-content\/uploads\/2024\/02\/IMG_20240207_152233-1024x768.jpg 1024w, https:\/\/areisefilho.pt\/wp-content\/uploads\/2024\/02\/IMG_20240207_152233-768x576.jpg 768w, https:\/\/areisefilho.pt\/wp-content\/uploads\/2024\/02\/IMG_20240207_152233-1536x1152.jpg 1536w, https:\/\/areisefilho.pt\/wp-content\/uploads\/2024\/02\/IMG_20240207_152233-2048x1536.jpg 2048w\" sizes=\"(max-width: 2560px) 100vw, 2560px\" \/><\/figure><div class=\"elementor-image-box-content\"><h3 class=\"elementor-image-box-title\">Dies<\/h3><p class=\"elementor-image-box-description\">We have dies for different sizes\/formats of eyelets\/rivets for your machine. We manufacture custom dies.<\/p><\/div><\/div>\t\t\t\t<\/div>\n\t\t\t\t<\/div>\n\t\t\t\t<\/div>\n\t\t<div class=\"elementor-element elementor-element-e2bd664 e-con-full e-flex e-con e-child\" data-id=\"e2bd664\" data-element_type=\"container\">\n\t\t\t\t<div class=\"elementor-element elementor-element-f67a88c elementor-position-top elementor-widget elementor-widget-image-box\" data-id=\"f67a88c\" data-element_type=\"widget\" data-widget_type=\"image-box.default\">\n\t\t\t\t<div class=\"elementor-widget-container\">\n\t\t\t\t\t<div class=\"elementor-image-box-wrapper\"><figure class=\"elementor-image-box-img\"><img decoding=\"async\" width=\"2560\" height=\"1920\" src=\"https:\/\/areisefilho.pt\/wp-content\/uploads\/2024\/02\/IMG_20240207_151739-scaled.jpg\" class=\"elementor-animation-shrink attachment-full size-full wp-image-2557\" alt=\"\" srcset=\"https:\/\/areisefilho.pt\/wp-content\/uploads\/2024\/02\/IMG_20240207_151739-scaled.jpg 2560w, https:\/\/areisefilho.pt\/wp-content\/uploads\/2024\/02\/IMG_20240207_151739-300x225.jpg 300w, https:\/\/areisefilho.pt\/wp-content\/uploads\/2024\/02\/IMG_20240207_151739-1024x768.jpg 1024w, https:\/\/areisefilho.pt\/wp-content\/uploads\/2024\/02\/IMG_20240207_151739-768x576.jpg 768w, https:\/\/areisefilho.pt\/wp-content\/uploads\/2024\/02\/IMG_20240207_151739-1536x1152.jpg 1536w, https:\/\/areisefilho.pt\/wp-content\/uploads\/2024\/02\/IMG_20240207_151739-2048x1536.jpg 2048w\" sizes=\"(max-width: 2560px) 100vw, 2560px\" \/><\/figure><div class=\"elementor-image-box-content\"><h3 class=\"elementor-image-box-title\">Rubber Parts<\/h3><p class=\"elementor-image-box-description\">We offer replacement rubber parts for our equipment.<\/p><\/div><\/div>\t\t\t\t<\/div>\n\t\t\t\t<\/div>\n\t\t\t\t<\/div>\n\t\t<div class=\"elementor-element elementor-element-37c77f7 e-con-full e-flex e-con e-child\" data-id=\"37c77f7\" data-element_type=\"container\">\n\t\t\t\t<div class=\"elementor-element elementor-element-2a7b406 elementor-position-top elementor-widget elementor-widget-image-box\" data-id=\"2a7b406\" data-element_type=\"widget\" data-widget_type=\"image-box.default\">\n\t\t\t\t<div class=\"elementor-widget-container\">\n\t\t\t\t\t<div class=\"elementor-image-box-wrapper\"><figure class=\"elementor-image-box-img\"><img decoding=\"async\" width=\"2560\" height=\"1920\" src=\"https:\/\/areisefilho.pt\/wp-content\/uploads\/2024\/02\/IMG_20240207_152540-scaled.jpg\" class=\"elementor-animation-shrink attachment-full size-full wp-image-2560\" alt=\"\" srcset=\"https:\/\/areisefilho.pt\/wp-content\/uploads\/2024\/02\/IMG_20240207_152540-scaled.jpg 2560w, https:\/\/areisefilho.pt\/wp-content\/uploads\/2024\/02\/IMG_20240207_152540-300x225.jpg 300w, https:\/\/areisefilho.pt\/wp-content\/uploads\/2024\/02\/IMG_20240207_152540-1024x768.jpg 1024w, https:\/\/areisefilho.pt\/wp-content\/uploads\/2024\/02\/IMG_20240207_152540-768x576.jpg 768w, https:\/\/areisefilho.pt\/wp-content\/uploads\/2024\/02\/IMG_20240207_152540-1536x1152.jpg 1536w, https:\/\/areisefilho.pt\/wp-content\/uploads\/2024\/02\/IMG_20240207_152540-2048x1536.jpg 2048w\" sizes=\"(max-width: 2560px) 100vw, 2560px\" \/><\/figure><div class=\"elementor-image-box-content\"><h3 class=\"elementor-image-box-title\">Components<\/h3><p class=\"elementor-image-box-description\">Sensors, cylinders, cables, electrical components, pneumatic components.<\/p><\/div><\/div>\t\t\t\t<\/div>\n\t\t\t\t<\/div>\n\t\t\t\t<\/div>\n\t\t<div class=\"elementor-element elementor-element-d0fd2c0 e-con-full e-flex e-con e-child\" data-id=\"d0fd2c0\" data-element_type=\"container\">\n\t\t\t\t<div class=\"elementor-element elementor-element-8bae029 elementor-position-top elementor-widget elementor-widget-image-box\" data-id=\"8bae029\" data-element_type=\"widget\" data-widget_type=\"image-box.default\">\n\t\t\t\t<div class=\"elementor-widget-container\">\n\t\t\t\t\t<div class=\"elementor-image-box-wrapper\"><figure class=\"elementor-image-box-img\"><img loading=\"lazy\" decoding=\"async\" width=\"2560\" height=\"1920\" src=\"https:\/\/areisefilho.pt\/wp-content\/uploads\/2024\/02\/IMG_20240207_152814-scaled.jpg\" class=\"elementor-animation-shrink attachment-full size-full wp-image-2561\" alt=\"\" srcset=\"https:\/\/areisefilho.pt\/wp-content\/uploads\/2024\/02\/IMG_20240207_152814-scaled.jpg 2560w, https:\/\/areisefilho.pt\/wp-content\/uploads\/2024\/02\/IMG_20240207_152814-300x225.jpg 300w, https:\/\/areisefilho.pt\/wp-content\/uploads\/2024\/02\/IMG_20240207_152814-1024x768.jpg 1024w, https:\/\/areisefilho.pt\/wp-content\/uploads\/2024\/02\/IMG_20240207_152814-768x576.jpg 768w, https:\/\/areisefilho.pt\/wp-content\/uploads\/2024\/02\/IMG_20240207_152814-1536x1152.jpg 1536w, https:\/\/areisefilho.pt\/wp-content\/uploads\/2024\/02\/IMG_20240207_152814-2048x1536.jpg 2048w\" sizes=\"(max-width: 2560px) 100vw, 2560px\" \/><\/figure><div class=\"elementor-image-box-content\"><h3 class=\"elementor-image-box-title\">Spare Parts<\/h3><p class=\"elementor-image-box-description\">We manufacture all kinds of spare parts for our equipment.<\/p><\/div><\/div>\t\t\t\t<\/div>\n\t\t\t\t<\/div>\n\t\t\t\t<\/div>\n\t\t\t\t\t<\/div>\n\t\t\t\t<\/div>\n\t\t<div class=\"elementor-element elementor-element-0caa687 e-flex e-con-boxed e-con e-parent\" data-id=\"0caa687\" data-element_type=\"container\">\n\t\t\t\t\t<div class=\"e-con-inner\">\n\t\t\t\t<div class=\"elementor-element elementor-element-4e81c28 elementor-widget-divider--view-line elementor-widget elementor-widget-divider\" data-id=\"4e81c28\" data-element_type=\"widget\" data-widget_type=\"divider.default\">\n\t\t\t\t<div class=\"elementor-widget-container\">\n\t\t\t\t\t\t\t<div class=\"elementor-divider\">\n\t\t\t<span class=\"elementor-divider-separator\">\n\t\t\t\t\t\t<\/span>\n\t\t<\/div>\n\t\t\t\t\t\t<\/div>\n\t\t\t\t<\/div>\n\t\t\t\t\t<\/div>\n\t\t\t\t<\/div>\n\t\t\t\t<section class=\"elementor-section elementor-top-section elementor-element elementor-element-4834c5d elementor-section-content-middle elementor-section-boxed elementor-section-height-default elementor-section-height-default\" data-id=\"4834c5d\" data-element_type=\"section\" data-settings=\"{&quot;shape_divider_top&quot;:&quot;triangle-asymmetrical&quot;}\">\n\t\t\t\t\t<div class=\"elementor-shape elementor-shape-top\" aria-hidden=\"true\" data-negative=\"false\">\n\t\t\t<svg xmlns=\"http:\/\/www.w3.org\/2000\/svg\" viewbox=\"0 0 1000 100\" preserveaspectratio=\"none\">\n\t<path class=\"elementor-shape-fill\" d=\"M738,99l262-93V0H0v5.6L738,99z\"\/>\n<\/svg>\t\t<\/div>\n\t\t\t\t\t<div class=\"elementor-container elementor-column-gap-no\">\n\t\t\t\t\t<div class=\"elementor-column elementor-col-100 elementor-top-column elementor-element elementor-element-57fa41c8\" data-id=\"57fa41c8\" data-element_type=\"column\">\n\t\t\t<div class=\"elementor-widget-wrap elementor-element-populated\">\n\t\t\t\t\t\t<div class=\"elementor-element elementor-element-1795ecca elementor-widget elementor-widget-heading\" data-id=\"1795ecca\" data-element_type=\"widget\" data-widget_type=\"heading.default\">\n\t\t\t\t<div class=\"elementor-widget-container\">\n\t\t\t\t\t<h2 class=\"elementor-heading-title elementor-size-default\">If you need any of these components and\/or technical assistance, please contact us.<\/h2>\t\t\t\t<\/div>\n\t\t\t\t<\/div>\n\t\t\t\t<div class=\"elementor-element elementor-element-43b6f2e elementor-widget elementor-widget-spacer\" data-id=\"43b6f2e\" data-element_type=\"widget\" data-widget_type=\"spacer.default\">\n\t\t\t\t<div class=\"elementor-widget-container\">\n\t\t\t\t\t\t\t<div class=\"elementor-spacer\">\n\t\t\t<div class=\"elementor-spacer-inner\"><\/div>\n\t\t<\/div>\n\t\t\t\t\t\t<\/div>\n\t\t\t\t<\/div>\n\t\t\t\t<div class=\"elementor-element elementor-element-7e52db24 elementor-align-center e-transform elementor-widget elementor-widget-button\" data-id=\"7e52db24\" data-element_type=\"widget\" data-settings=\"{&quot;_transform_scale_effect_mobile&quot;:{&quot;unit&quot;:&quot;px&quot;,&quot;size&quot;:0.6999999999999999555910790149937383830547332763671875,&quot;sizes&quot;:[]},&quot;_transform_scale_effect&quot;:{&quot;unit&quot;:&quot;px&quot;,&quot;size&quot;:&quot;&quot;,&quot;sizes&quot;:[]},&quot;_transform_scale_effect_tablet&quot;:{&quot;unit&quot;:&quot;px&quot;,&quot;size&quot;:&quot;&quot;,&quot;sizes&quot;:[]}}\" data-widget_type=\"button.default\">\n\t\t\t\t<div class=\"elementor-widget-container\">\n\t\t\t\t\t\t\t\t\t<div class=\"elementor-button-wrapper\">\n\t\t\t\t\t<a class=\"elementor-button elementor-button-link elementor-size-md\" href=\"https:\/\/areisefilho.pt\/en\/contactos\/\">\n\t\t\t\t\t\t<span class=\"elementor-button-content-wrapper\">\n\t\t\t\t\t\t<span class=\"elementor-button-icon\">\n\t\t\t\t<i aria-hidden=\"true\" class=\"fas fa-long-arrow-alt-right\"><\/i>\t\t\t<\/span>\n\t\t\t\t\t\t\t\t\t<span class=\"elementor-button-text\">Contacts<\/span>\n\t\t\t\t\t<\/span>\n\t\t\t\t\t<\/a>\n\t\t\t\t<\/div>\n\t\t\t\t\t\t\t\t<\/div>\n\t\t\t\t<\/div>\n\t\t\t\t\t<\/div>\n\t\t<\/div>\n\t\t\t\t\t<\/div>\n\t\t<\/section>\n\t\t\t\t<\/div>","protected":false},"excerpt":{"rendered":"<p>Diversos Equipamentos diversos para Ind\u00fastria. Diversos Temos ao dispor Pe\u00e7as e Componentes diversos para os nossos equipamentos. Desde engrenagens robustas at\u00e9 circuitos eletr\u00f3nicos avan\u00e7ados, cada elemento desempenha um papel vital na efici\u00eancia e funcionamento cont\u00ednuo das opera\u00e7\u00f5es industriais. A constante inova\u00e7\u00e3o na conce\u00e7\u00e3o e fabrica\u00e7\u00e3o destas pe\u00e7as e componentes reflete-se na busca por durabilidade, desempenho [&hellip;]<\/p>","protected":false},"author":1,"featured_media":0,"parent":0,"menu_order":0,"comment_status":"closed","ping_status":"closed","template":"","meta":{"_monsterinsights_skip_tracking":false,"_monsterinsights_sitenote_active":false,"_monsterinsights_sitenote_note":"","_monsterinsights_sitenote_category":0,"site-sidebar-layout":"no-sidebar","site-content-layout":"page-builder","ast-site-content-layout":"full-width-container","site-content-style":"default","site-sidebar-style":"default","ast-global-header-display":"","ast-banner-title-visibility":"","ast-main-header-display":"","ast-hfb-above-header-display":"","ast-hfb-below-header-display":"","ast-hfb-mobile-header-display":"","site-post-title":"disabled","ast-breadcrumbs-content":"","ast-featured-img":"disabled","footer-sml-layout":"","theme-transparent-header-meta":"","adv-header-id-meta":"","stick-header-meta":"","header-above-stick-meta":"","header-main-stick-meta":"","header-below-stick-meta":"","astra-migrate-meta-layouts":"set","ast-page-background-enabled":"default","ast-page-background-meta":{"desktop":{"background-color":"","background-image":"","background-repeat":"repeat","background-position":"center center","background-size":"auto","background-attachment":"scroll","background-type":"","background-media":"","overlay-type":"","overlay-color":"","overlay-opacity":"","overlay-gradient":""},"tablet":{"background-color":"","background-image":"","background-repeat":"repeat","background-position":"center center","background-size":"auto","background-attachment":"scroll","background-type":"","background-media":"","overlay-type":"","overlay-color":"","overlay-opacity":"","overlay-gradient":""},"mobile":{"background-color":"","background-image":"","background-repeat":"repeat","background-position":"center center","background-size":"auto","background-attachment":"scroll","background-type":"","background-media":"","overlay-type":"","overlay-color":"","overlay-opacity":"","overlay-gradient":""}},"ast-content-background-meta":{"desktop":{"background-color":"var(--ast-global-color-5)","background-image":"","background-repeat":"repeat","background-position":"center center","background-size":"auto","background-attachment":"scroll","background-type":"","background-media":"","overlay-type":"","overlay-color":"","overlay-opacity":"","overlay-gradient":""},"tablet":{"background-color":"var(--ast-global-color-5)","background-image":"","background-repeat":"repeat","background-position":"center center","background-size":"auto","background-attachment":"scroll","background-type":"","background-media":"","overlay-type":"","overlay-color":"","overlay-opacity":"","overlay-gradient":""},"mobile":{"background-color":"var(--ast-global-color-5)","background-image":"","background-repeat":"repeat","background-position":"center center","background-size":"auto","background-attachment":"scroll","background-type":"","background-media":"","overlay-type":"","overlay-color":"","overlay-opacity":"","overlay-gradient":""}},"footnotes":""},"class_list":["post-1103","page","type-page","status-publish","hentry"],"_links":{"self":[{"href":"https:\/\/areisefilho.pt\/en\/wp-json\/wp\/v2\/pages\/1103","targetHints":{"allow":["GET"]}}],"collection":[{"href":"https:\/\/areisefilho.pt\/en\/wp-json\/wp\/v2\/pages"}],"about":[{"href":"https:\/\/areisefilho.pt\/en\/wp-json\/wp\/v2\/types\/page"}],"author":[{"embeddable":true,"href":"https:\/\/areisefilho.pt\/en\/wp-json\/wp\/v2\/users\/1"}],"replies":[{"embeddable":true,"href":"https:\/\/areisefilho.pt\/en\/wp-json\/wp\/v2\/comments?post=1103"}],"version-history":[{"count":140,"href":"https:\/\/areisefilho.pt\/en\/wp-json\/wp\/v2\/pages\/1103\/revisions"}],"predecessor-version":[{"id":3140,"href":"https:\/\/areisefilho.pt\/en\/wp-json\/wp\/v2\/pages\/1103\/revisions\/3140"}],"wp:attachment":[{"href":"https:\/\/areisefilho.pt\/en\/wp-json\/wp\/v2\/media?parent=1103"}],"curies":[{"name":"wp","href":"https:\/\/api.w.org\/{rel}","templated":true}]}}